{"id":36,"date":"2023-01-06T15:51:31","date_gmt":"2023-01-06T15:51:31","guid":{"rendered":"https:\/\/mathello.com\/?post_type=product&#038;p=36"},"modified":"2026-04-26T12:40:10","modified_gmt":"2026-04-26T12:40:10","slug":"coffret-jeu-dechecs-avec-livre","status":"publish","type":"product","link":"https:\/\/mathello.com\/?product=coffret-jeu-dechecs-avec-livre","title":{"rendered":"Coffret Jeu d\u2019\u00e9checs avec Livre"},"content":{"rendered":"<p>Ce coffret s\u2019adresse aux joueurs tous niveaux, ainsi qu\u2019aux \u00e9coles et aux parents. Vous allez en d\u00e9couvrir davantage sur l\u2019histoire des \u00e9checs, les r\u00e8gles fondamentales, les tournois, les meilleures strat\u00e9gies, et ainsi appr\u00e9cier \u00e0 sa juste valeur ce jeu d\u2019exception !<\/p>\n<p>Le jeu d\u2019\u00e9checs s\u2019impose actuellement comme le jeu de plateau le plus pratiqu\u00e9 au monde. Les \u00e9checs sont int\u00e9ressants, fascinants et amusants! Bien plus encore : jouer aux \u00e9checs am\u00e9liore la concentration, la m\u00e9moire et la logique.<\/p>\n<ul>\n<li>Un coffret unique comprenant un Jeu d\u2019\u00e9checs et un guide pratique sur les \u00e9checs<\/li>\n<li>Un jeu d\u2019\u00e9checs avec pi\u00e8ces aimant\u00e9es pour meilleur maintient sur l\u2019\u00e9chiquier<\/li>\n<li>Un livre au format Broch\u00e9 de 116 pages sur le jeu d\u2019\u00e9checs avec un descriptif d\u00e9taill\u00e9 des r\u00e8gles du jeu et strat\u00e9gie<\/li>\n<li>Un coffret et une pochette en velour pour le rangement des pi\u00e8ces<\/li>\n<\/ul>\n","protected":false},"excerpt":{"rendered":"<p>Ce coffret comprend un jeu d\u2019\u00e9checs aux pi\u00e8ces aimant\u00e9es ainsi qu\u2019un livre. Il s\u2019adresse aux joueurs tous niveaux, ainsi qu\u2019aux \u00e9coles et aux parents.<\/p>\n","protected":false},"featured_media":53,"comment_status":"open","ping_status":"closed","template":"","meta":{"om_disable_all_campaigns":false,"_monsterinsights_skip_tracking":false,"_monsterinsights_sitenote_active":false,"_monsterinsights_sitenote_note":"","_monsterinsights_sitenote_category":0},"product_cat":[22],"product_tag":[25],"class_list":{"0":"post-36","1":"product","2":"type-product","3":"status-publish","4":"has-post-thumbnail","6":"product_cat-coffret","7":"product_tag-jeu-dechecs","9":"first","10":"outofstock","11":"shipping-taxable","12":"purchasable","13":"product-type-simple"},"aioseo_notices":[],"_links":{"self":[{"href":"https:\/\/mathello.com\/index.php?rest_route=\/wp\/v2\/product\/36"}],"collection":[{"href":"https:\/\/mathello.com\/index.php?rest_route=\/wp\/v2\/product"}],"about":[{"href":"https:\/\/mathello.com\/index.php?rest_route=\/wp\/v2\/types\/product"}],"replies":[{"embeddable":true,"href":"https:\/\/mathello.com\/index.php?rest_route=%2Fwp%2Fv2%2Fcomments&post=36"}],"wp:featuredmedia":[{"embeddable":true,"href":"https:\/\/mathello.com\/index.php?rest_route=\/wp\/v2\/media\/53"}],"wp:attachment":[{"href":"https:\/\/mathello.com\/index.php?rest_route=%2Fwp%2Fv2%2Fmedia&parent=36"}],"wp:term":[{"taxonomy":"product_cat","embeddable":true,"href":"https:\/\/mathello.com\/index.php?rest_route=%2Fwp%2Fv2%2Fproduct_cat&post=36"},{"taxonomy":"product_tag","embeddable":true,"href":"https:\/\/mathello.com\/index.php?rest_route=%2Fwp%2Fv2%2Fproduct_tag&post=36"}],"curies":[{"name":"wp","href":"https:\/\/api.w.org\/{rel}","templated":true}]}}