{"id":35,"date":"2023-01-06T15:51:31","date_gmt":"2023-01-06T15:51:31","guid":{"rendered":"https:\/\/mathello.com\/?post_type=product&#038;p=35"},"modified":"2025-07-20T19:38:31","modified_gmt":"2025-07-20T19:38:31","slug":"coffret-boulier-chinois-avec-livre","status":"publish","type":"product","link":"https:\/\/mathello.com\/?product=coffret-boulier-chinois-avec-livre","title":{"rendered":"Coffret Boulier Chinois avec Livre"},"content":{"rendered":"<div>\n<div>Il s\u2019adresse \u00e0 toute personne souhaitant apprendre \u00e0 utiliser un boulier chinois. Le but est de vous initier au boulier chinois par la pratique. C\u2019est une m\u00e9thode d\u2019apprentissage pas \u00e0 pas accompagn\u00e9e de repr\u00e9sentations graphiques. Ainsi le lecteur peut suivre les explications sans forc\u00e9ment poss\u00e9der un boulier. Chaque chapitre comprend plusieurs exemples.<\/div>\n<div><\/div>\n<p>Avec ce coffret, vous allez ainsi apprendre \u00e0 utiliser un boulier et comprendre les r\u00e8gles et op\u00e9rations de base (l\u2019addition, la soustraction, la multiplication, la division et m\u00eame l\u2019extraction d\u2019une racine carr\u00e9e).<\/p>\n<p>Il est sans doute un des outils indispensables pour la pratique du calcul mental.<\/p>\n<p><strong>Contenu du coffret:<\/strong><\/p>\n<\/div>\n<div>\n<ul class=\"a-unordered-list a-vertical a-spacing-none\">\n<li><span class=\"a-list-item\">Un Boulier chinois traditionnel en bois. Sa structure de 21,5 cm comprend 11 tiges et 7 rang\u00e9es de boules. Dimensions 21,5 x 2,2 x 11 cm<\/span><\/li>\n<li><span class=\"a-list-item\">Une m\u00e9thode d\u2019apprentissage pas \u00e0 pas, \u201cLe Boulier Chinois \u2013 Guide Pratique\u201d \u2013 Editions Mathello \u2013 84 pages<\/span><\/li>\n<li><span class=\"a-list-item\">Un coffret avec emplacement pour le rangement du livre et du boulier.<\/span><\/li>\n<li><span class=\"a-list-item\">Id\u00e9al pour s\u2019exercer au calcul mental et l\u2019apprentissage des op\u00e9rations de base (addition, soustraction, multiplication, \u2026)<\/span><\/li>\n<\/ul>\n<\/div>\n<div><\/div>\n<p>&nbsp;<\/p>\n","protected":false},"excerpt":{"rendered":"<p>Ce coffret s\u2019adresse \u00e0 toute personne souhaitant apprendre \u00e0 utiliser un boulier chinois avec une initiation par la pratique.<\/p>\n","protected":false},"featured_media":213,"comment_status":"open","ping_status":"closed","template":"","meta":{"om_disable_all_campaigns":false,"_monsterinsights_skip_tracking":false,"_monsterinsights_sitenote_active":false,"_monsterinsights_sitenote_note":"","_monsterinsights_sitenote_category":0},"product_cat":[22],"product_tag":[24],"class_list":{"0":"post-35","1":"product","2":"type-product","3":"status-publish","4":"has-post-thumbnail","6":"product_cat-coffret","7":"product_tag-suan-pan","9":"first","10":"outofstock","11":"shipping-taxable","12":"purchasable","13":"product-type-simple"},"aioseo_notices":[],"_links":{"self":[{"href":"https:\/\/mathello.com\/index.php?rest_route=\/wp\/v2\/product\/35"}],"collection":[{"href":"https:\/\/mathello.com\/index.php?rest_route=\/wp\/v2\/product"}],"about":[{"href":"https:\/\/mathello.com\/index.php?rest_route=\/wp\/v2\/types\/product"}],"replies":[{"embeddable":true,"href":"https:\/\/mathello.com\/index.php?rest_route=%2Fwp%2Fv2%2Fcomments&post=35"}],"wp:featuredmedia":[{"embeddable":true,"href":"https:\/\/mathello.com\/index.php?rest_route=\/wp\/v2\/media\/213"}],"wp:attachment":[{"href":"https:\/\/mathello.com\/index.php?rest_route=%2Fwp%2Fv2%2Fmedia&parent=35"}],"wp:term":[{"taxonomy":"product_cat","embeddable":true,"href":"https:\/\/mathello.com\/index.php?rest_route=%2Fwp%2Fv2%2Fproduct_cat&post=35"},{"taxonomy":"product_tag","embeddable":true,"href":"https:\/\/mathello.com\/index.php?rest_route=%2Fwp%2Fv2%2Fproduct_tag&post=35"}],"curies":[{"name":"wp","href":"https:\/\/api.w.org\/{rel}","templated":true}]}}