{"id":164,"date":"2023-01-07T16:47:30","date_gmt":"2023-01-07T16:47:30","guid":{"rendered":"https:\/\/mathello.com\/?post_type=product&#038;p=164"},"modified":"2024-10-22T15:51:37","modified_gmt":"2024-10-22T15:51:37","slug":"le-jeu-dechecs","status":"publish","type":"product","link":"https:\/\/mathello.com\/?product=le-jeu-dechecs","title":{"rendered":"Le Jeu D&#8217;\u00e9checs: Guide Pratique"},"content":{"rendered":"<p>Le jeu d\u2019\u00e9checs s\u2019impose actuellement comme le jeu de plateau le plus pratiqu\u00e9 au monde. Les \u00e9checs sont int\u00e9ressants, fascinants et amusants! Bien plus encore : jouer aux \u00e9checs am\u00e9liore la concentration, la m\u00e9moire et la logique. Ce livre s\u2019adresse aux joueurs tous niveaux, ainsi qu\u2019aux \u00e9coles et aux parents. Vous allez en d\u00e9couvrir davantage sur l\u2019histoire des \u00e9checs, les r\u00e8gles fondamentales, les tournois, les meilleures strat\u00e9gies, et ainsi appr\u00e9cier \u00e0 sa juste valeur ce jeu d\u2019exception !<\/p>\n<ul class=\"a-unordered-list a-nostyle a-vertical a-spacing-none detail-bullet-list\">\n<li><span class=\"a-list-item\"><span class=\"a-text-bold\">ASIN \u200f : \u200e <\/span>B087SJT1KW<\/span><\/li>\n<li><span class=\"a-list-item\"><span class=\"a-text-bold\">\u00c9diteur \u200f : \u200e <\/span>BNF (1 janvier 2020)<\/span><\/li>\n<li><span class=\"a-list-item\"><span class=\"a-text-bold\">Langue \u200f : \u200e <\/span>Fran\u00e7ais<\/span><\/li>\n<li><span class=\"a-list-item\"><span class=\"a-text-bold\">Broch\u00e9 \u200f : \u200e <\/span>116 pages<\/span><\/li>\n<li><span class=\"a-list-item\"><span class=\"a-text-bold\">ISBN-13 \u200f : \u200e <\/span>979-1092386363<\/span><\/li>\n<li><span class=\"a-list-item\"><span class=\"a-text-bold\">Poids de l&#8217;article \u200f : \u200e <\/span>227 g<\/span><\/li>\n<li><span class=\"a-list-item\"><span class=\"a-text-bold\">Dimensions \u200f : \u200e <\/span>15.24 x 0.71 x 22.86 cm<\/span><\/li>\n<\/ul>\n","protected":false},"excerpt":{"rendered":"<p>Vous allez en d\u00e9couvrir davantage sur l\u2019histoire des \u00e9checs, les r\u00e8gles fondamentales, les tournois, les meilleures strat\u00e9gies, et ainsi appr\u00e9cier \u00e0 sa juste valeur ce jeu d\u2019exception !<\/p>\n","protected":false},"featured_media":165,"comment_status":"closed","ping_status":"closed","template":"","meta":{"om_disable_all_campaigns":false,"_monsterinsights_skip_tracking":false,"_monsterinsights_sitenote_active":false,"_monsterinsights_sitenote_note":"","_monsterinsights_sitenote_category":0},"product_cat":[28],"product_tag":[34],"class_list":{"0":"post-164","1":"product","2":"type-product","3":"status-publish","4":"has-post-thumbnail","6":"product_cat-livre","7":"product_tag-livre-jeu-dechecs","9":"first","10":"instock","11":"shipping-taxable","12":"product-type-external"},"aioseo_notices":[],"_links":{"self":[{"href":"https:\/\/mathello.com\/index.php?rest_route=\/wp\/v2\/product\/164"}],"collection":[{"href":"https:\/\/mathello.com\/index.php?rest_route=\/wp\/v2\/product"}],"about":[{"href":"https:\/\/mathello.com\/index.php?rest_route=\/wp\/v2\/types\/product"}],"replies":[{"embeddable":true,"href":"https:\/\/mathello.com\/index.php?rest_route=%2Fwp%2Fv2%2Fcomments&post=164"}],"wp:featuredmedia":[{"embeddable":true,"href":"https:\/\/mathello.com\/index.php?rest_route=\/wp\/v2\/media\/165"}],"wp:attachment":[{"href":"https:\/\/mathello.com\/index.php?rest_route=%2Fwp%2Fv2%2Fmedia&parent=164"}],"wp:term":[{"taxonomy":"product_cat","embeddable":true,"href":"https:\/\/mathello.com\/index.php?rest_route=%2Fwp%2Fv2%2Fproduct_cat&post=164"},{"taxonomy":"product_tag","embeddable":true,"href":"https:\/\/mathello.com\/index.php?rest_route=%2Fwp%2Fv2%2Fproduct_tag&post=164"}],"curies":[{"name":"wp","href":"https:\/\/api.w.org\/{rel}","templated":true}]}}