{"id":183,"date":"2023-01-07T18:08:23","date_gmt":"2023-01-07T18:08:23","guid":{"rendered":"https:\/\/mathello.com\/?page_id=183"},"modified":"2023-01-07T18:49:26","modified_gmt":"2023-01-07T18:49:26","slug":"qui-sommes-nous","status":"publish","type":"page","link":"https:\/\/mathello.com\/?page_id=183","title":{"rendered":"A Propos"},"content":{"rendered":"<div class=\"wpb-content-wrapper\"><p>[vc_row full_width=&#8221;stretch_row&#8221; css=&#8221;.vc_custom_1434538871508{margin-bottom: 0px !important;}&#8221;][vc_column width=&#8221;1\/3&#8243;][vc_custom_heading text=&#8221;Qui sommes-nous ?&#8221; use_theme_fonts=&#8221;yes&#8221;][vc_column_text]Editions Mathello est un \u00e9diteur d\u2019ouvrages\u00a0scientifiques, p\u00e9dagogiques, parascolaires,\u00a0\u00e9ducatifs, d\u2019art et de cr\u00e9ation.\u00a0Notre \u00e9quipe vous accompagne dans votre\u00a0projet de cr\u00e9ation, impression et publication.\u00a0Que vous soyez auteur, professionnel ou un\u00a0\u00e9tablissement scolaire, nous vous apporterons\u00a0le meilleur service pour mener \u00e0 bien votre\u00a0projet.[\/vc_column_text][\/vc_column][vc_column width=&#8221;1\/3&#8243;][vc_single_image image=&#8221;191&#8243; img_size=&#8221;full&#8221; css=&#8221;.vc_custom_1673116569066{padding-top: 15px !important;}&#8221;][\/vc_column][vc_column width=&#8221;1\/3&#8243;][vc_custom_heading text=&#8221;Conception&#8221; use_theme_fonts=&#8221;yes&#8221;][vc_column_text]Votre ouvrage est enfin pr\u00eat \u00e0 \u00eatre publi\u00e9\u00a0! Notre \u00e9quipe se charge de la relecture,\u00a0proposition de modification et de la mise\u00a0en page. Les Editions Mathello vous\u00a0accompagnent tout au long de la phase\u00a0de v\u00e9rification et de mise \u00e0 jour avant la\u00a0phase d\u2019impression.[\/vc_column_text][\/vc_column][\/vc_row][vc_row full_width=&#8221;stretch_row&#8221;][vc_column width=&#8221;1\/3&#8243;][vc_single_image image=&#8221;190&#8243; img_size=&#8221;full&#8221; css=&#8221;.vc_custom_1673116659686{padding-top: 15px !important;}&#8221;][\/vc_column][vc_column width=&#8221;1\/3&#8243;][vc_custom_heading text=&#8221;Impression&#8221; use_theme_fonts=&#8221;yes&#8221;][vc_column_text]Votre ouvrage est enfin pr\u00eat \u00e0 \u00eatre imprim\u00e9 !\u00a0Fort de notre partenariat avec des sp\u00e9cialistes\u00a0de l\u2019impression et du fa\u00e7onnage, nous assurons\u00a0la production de vos ouvrages dans le\u00a0respect de la qualit\u00e9 et des co\u00fbts.[\/vc_column_text][\/vc_column][vc_column width=&#8221;1\/3&#8243;][vc_single_image image=&#8221;192&#8243; img_size=&#8221;full&#8221; css=&#8221;.vc_custom_1673116745252{padding-top: 15px !important;}&#8221;][\/vc_column][\/vc_row][vc_row full_width=&#8221;stretch_row&#8221;][vc_column width=&#8221;1\/3&#8243;][vc_custom_heading text=&#8221;Publication&#8221; use_theme_fonts=&#8221;yes&#8221;][vc_column_text]Votre ouvrage est enfin pr\u00eat \u00e0 \u00eatre imprim\u00e9 !\u00a0Fort de notre partenariat avec des sp\u00e9cialistes\u00a0de l\u2019impression et du fa\u00e7onnage, nous assurons\u00a0la production de vos ouvrages dans le\u00a0respect de la qualit\u00e9 et des co\u00fbts.[\/vc_column_text][\/vc_column][vc_column width=&#8221;1\/3&#8243;][\/vc_column][vc_column width=&#8221;1\/3&#8243;][\/vc_column][\/vc_row][vc_row][vc_column][vc_btn title=&#8221;Contactez-nous pour plus d&#8217;information&#8221; color=&#8221;orange&#8221; align=&#8221;center&#8221; link=&#8221;url:https%3A%2F%2Fmathello.com%2F%3Fpage_id%3D70|title:Nous%20contacter&#8221;][\/vc_column][\/vc_row]<\/p>\n<\/div>","protected":false},"excerpt":{"rendered":"<p>[vc_row full_width=&#8221;stretch_row&#8221; css=&#8221;.vc_custom_1434538871508{margin-bottom: 0px !important;}&#8221;][vc_column width=&#8221;1\/3&#8243;][vc_custom_heading text=&#8221;Qui sommes-nous ?&#8221; use_theme_fonts=&#8221;yes&#8221;][vc_column_text]Editions Mathello est un \u00e9diteur d\u2019ouvrages\u00a0scientifiques, p\u00e9dagogiques, parascolaires,\u00a0\u00e9ducatifs, d\u2019art et de cr\u00e9ation.\u00a0Notre \u00e9quipe vous accompagne dans votre\u00a0projet de cr\u00e9ation, impression et publication.\u00a0Que vous soyez auteur, professionnel ou un\u00a0\u00e9tablissement scolaire, nous vous apporterons\u00a0le meilleur service pour mener \u00e0 bien votre\u00a0projet.[\/vc_column_text][\/vc_column][vc_column width=&#8221;1\/3&#8243;][vc_single_image image=&#8221;191&#8243; img_size=&#8221;full&#8221; css=&#8221;.vc_custom_1673116569066{padding-top: 15px !important;}&#8221;][\/vc_column][vc_column width=&#8221;1\/3&#8243;][vc_custom_heading [&hellip;]<\/p>\n","protected":false},"author":1,"featured_media":0,"parent":0,"menu_order":0,"comment_status":"closed","ping_status":"closed","template":"","meta":{"om_disable_all_campaigns":false,"_monsterinsights_skip_tracking":false,"_monsterinsights_sitenote_active":false,"_monsterinsights_sitenote_note":"","_monsterinsights_sitenote_category":0,"_citadela_hide_page_title":"","_citadela_remove_header_space":"","_citadela_custom_class":"","_citadela_half_map_provider":"","_citadela_half_map_theme":"","_citadela_half_map_themeOSM":"","_citadela_half_map_customTheme":"","_citadela_half_map_dataType":"","_citadela_half_map_dynamicTrack":false,"_citadela_half_map_trackColor":"","_citadela_half_map_trackEndpointsColor":"","_citadela_half_map_filterCategory":"","_citadela_half_map_filterLocation":"","_citadela_half_map_filterFeatured":false,"_citadela_half_map_noDataBehavior":"empty-map","_citadela_half_map_noDataText":"","_citadela_half_map_clusterGridSize":80,"_citadela_header":false,"_citadela_header_over_content":false,"_citadela_header_text_color":"","_citadela_header_logo":[],"_citadela_header_bg_image":[],"_citadela_header_bg_position":[],"_citadela_header_bg_size":"","_citadela_header_bg_repeat":"","_citadela_header_bg_fixed":false,"_citadela_header_bg_color":"","_citadela_header_bg_image_overlay":"","_citadela_header_transparent_bg":false,"_citadela_content_width":"","_citadela_half_layout_position":"","footnotes":""},"class_list":["post-183","page","type-page","status-publish","hentry"],"aioseo_notices":[],"_links":{"self":[{"href":"https:\/\/mathello.com\/index.php?rest_route=\/wp\/v2\/pages\/183"}],"collection":[{"href":"https:\/\/mathello.com\/index.php?rest_route=\/wp\/v2\/pages"}],"about":[{"href":"https:\/\/mathello.com\/index.php?rest_route=\/wp\/v2\/types\/page"}],"author":[{"embeddable":true,"href":"https:\/\/mathello.com\/index.php?rest_route=\/wp\/v2\/users\/1"}],"replies":[{"embeddable":true,"href":"https:\/\/mathello.com\/index.php?rest_route=%2Fwp%2Fv2%2Fcomments&post=183"}],"version-history":[{"count":6,"href":"https:\/\/mathello.com\/index.php?rest_route=\/wp\/v2\/pages\/183\/revisions"}],"predecessor-version":[{"id":201,"href":"https:\/\/mathello.com\/index.php?rest_route=\/wp\/v2\/pages\/183\/revisions\/201"}],"wp:attachment":[{"href":"https:\/\/mathello.com\/index.php?rest_route=%2Fwp%2Fv2%2Fmedia&parent=183"}],"curies":[{"name":"wp","href":"https:\/\/api.w.org\/{rel}","templated":true}]}}