{"id":106,"date":"2023-01-07T09:47:05","date_gmt":"2023-01-07T09:47:05","guid":{"rendered":"https:\/\/mathello.com\/?page_id=106"},"modified":"2023-01-07T17:24:01","modified_gmt":"2023-01-07T17:24:01","slug":"boutique","status":"publish","type":"page","link":"https:\/\/mathello.com\/","title":{"rendered":"Boutique"},"content":{"rendered":"<div class=\"wpb-content-wrapper\"><p>[vc_row][vc_column][vc_column_text]Editions Mathello est un \u00e9diteur d&#8217;ouvrage scientifique, p\u00e9dagogique, parascolaire, \u00e9ducatif, d&#8217;art et de cr\u00e9ation.[\/vc_column_text][\/vc_column][\/vc_row][vc_row][vc_column]<div class=\"woocommerce columns-4 \"><ul class=\"products columns-4\">\n<li class=\"product type-product post-35 status-publish first outofstock product_cat-coffret product_tag-suan-pan has-post-thumbnail shipping-taxable purchasable product-type-simple\">\n\t<a href=\"https:\/\/mathello.com\/?product=coffret-boulier-chinois-avec-livre\" class=\"woocommerce-LoopProduct-link woocommerce-loop-product__link\"><img loading=\"lazy\" decoding=\"async\" width=\"300\" height=\"300\" src=\"https:\/\/mathello.com\/wp-content\/uploads\/2023\/01\/coffret-abacus-copy-300x300.png\" class=\"attachment-woocommerce_thumbnail size-woocommerce_thumbnail\" alt=\"\" srcset=\"https:\/\/mathello.com\/wp-content\/uploads\/2023\/01\/coffret-abacus-copy-300x300.png 300w, https:\/\/mathello.com\/wp-content\/uploads\/2023\/01\/coffret-abacus-copy-150x150.png 150w\" sizes=\"(max-width: 300px) 100vw, 300px\" \/><h2 class=\"woocommerce-loop-product__title\">Coffret Boulier Chinois avec Livre<\/h2>\n\t<span class=\"price\"><span class=\"woocommerce-Price-amount amount\"><bdi>25.00<span class=\"woocommerce-Price-currencySymbol\">&euro;<\/span><\/bdi><\/span><\/span>\n<\/a><a href=\"https:\/\/mathello.com\/?product=coffret-boulier-chinois-avec-livre\" data-quantity=\"1\" class=\"button product_type_simple\" data-product_id=\"35\" data-product_sku=\"B07VX8RCVT\" aria-label=\"En savoir plus sur &ldquo;Coffret Boulier Chinois avec Livre&rdquo;\" aria-describedby=\"\" rel=\"nofollow\">Lire la suite<\/a><\/li>\n<li class=\"product type-product post-36 status-publish outofstock product_cat-coffret product_tag-jeu-dechecs has-post-thumbnail shipping-taxable purchasable product-type-simple\">\n\t<a href=\"https:\/\/mathello.com\/?product=coffret-jeu-dechecs-avec-livre\" class=\"woocommerce-LoopProduct-link woocommerce-loop-product__link\"><img loading=\"lazy\" decoding=\"async\" width=\"300\" height=\"300\" src=\"https:\/\/mathello.com\/wp-content\/uploads\/2023\/01\/MG_3190-scaled-1-300x300.jpg\" class=\"attachment-woocommerce_thumbnail size-woocommerce_thumbnail\" alt=\"\" srcset=\"https:\/\/mathello.com\/wp-content\/uploads\/2023\/01\/MG_3190-scaled-1-300x300.jpg 300w, https:\/\/mathello.com\/wp-content\/uploads\/2023\/01\/MG_3190-scaled-1-150x150.jpg 150w\" sizes=\"(max-width: 300px) 100vw, 300px\" \/><h2 class=\"woocommerce-loop-product__title\">Coffret Jeu d\u2019\u00e9checs avec Livre<\/h2>\n\t<span class=\"price\"><span class=\"woocommerce-Price-amount amount\"><bdi>25.00<span class=\"woocommerce-Price-currencySymbol\">&euro;<\/span><\/bdi><\/span><\/span>\n<\/a><a href=\"https:\/\/mathello.com\/?product=coffret-jeu-dechecs-avec-livre\" data-quantity=\"1\" class=\"button product_type_simple\" data-product_id=\"36\" data-product_sku=\"B0823228T8\" aria-label=\"En savoir plus sur &ldquo;Coffret Jeu d\u2019\u00e9checs avec Livre&rdquo;\" aria-describedby=\"\" rel=\"nofollow\">Lire la suite<\/a><\/li>\n<\/ul>\n<\/div>[\/vc_column][\/vc_row][vc_row][vc_column]<div class=\"woocommerce columns-4 \"><ul class=\"products columns-4\">\n<li class=\"product type-product post-155 status-publish first instock product_cat-livre product_tag-livre-boulier-chinois has-post-thumbnail shipping-taxable product-type-external\">\n\t<a href=\"https:\/\/mathello.com\/?product=le-boulier-chinois-guide-pratique\" class=\"woocommerce-LoopProduct-link woocommerce-loop-product__link\"><img loading=\"lazy\" decoding=\"async\" width=\"300\" height=\"300\" src=\"https:\/\/mathello.com\/wp-content\/uploads\/2023\/01\/Screenshot-2023-01-07-at-19.35.24-300x300.png\" class=\"attachment-woocommerce_thumbnail size-woocommerce_thumbnail\" alt=\"\" srcset=\"https:\/\/mathello.com\/wp-content\/uploads\/2023\/01\/Screenshot-2023-01-07-at-19.35.24-300x300.png 300w, https:\/\/mathello.com\/wp-content\/uploads\/2023\/01\/Screenshot-2023-01-07-at-19.35.24-150x150.png 150w\" sizes=\"(max-width: 300px) 100vw, 300px\" \/><h2 class=\"woocommerce-loop-product__title\">Le Boulier Chinois: Guide Pratique<\/h2>\n\t<span class=\"price\"><span class=\"woocommerce-Price-amount amount\"><bdi>21.95<span class=\"woocommerce-Price-currencySymbol\">&euro;<\/span><\/bdi><\/span><\/span>\n<\/a><a href=\"https:\/\/www.amazon.fr\/Boulier-Chinois-Guide-Pratique\/dp\/B08849FG52\/ref=tmm_pap_swatch_0?_encoding=UTF8&#038;qid=1673107403&#038;sr=1-1\" data-quantity=\"1\" class=\"button product_type_external\" data-product_id=\"155\" data-product_sku=\"B08849FG52\" aria-label=\"Acheter &ldquo;Le Boulier Chinois: Guide Pratique&rdquo;\" aria-describedby=\"\" rel=\"nofollow\">Acheter le produit<\/a><\/li>\n<li class=\"product type-product post-161 status-publish instock product_cat-livre product_tag-livre-boulier-japonais product_tag-livre-soroban has-post-thumbnail shipping-taxable product-type-external\">\n\t<a href=\"https:\/\/mathello.com\/?product=le-boulier-japonais-guide-pratique\" class=\"woocommerce-LoopProduct-link woocommerce-loop-product__link\"><img loading=\"lazy\" decoding=\"async\" width=\"300\" height=\"300\" src=\"https:\/\/mathello.com\/wp-content\/uploads\/2023\/01\/Screenshot-2023-01-07-at-19.39.35-300x300.png\" class=\"attachment-woocommerce_thumbnail size-woocommerce_thumbnail\" alt=\"\" srcset=\"https:\/\/mathello.com\/wp-content\/uploads\/2023\/01\/Screenshot-2023-01-07-at-19.39.35-300x300.png 300w, https:\/\/mathello.com\/wp-content\/uploads\/2023\/01\/Screenshot-2023-01-07-at-19.39.35-150x150.png 150w\" sizes=\"(max-width: 300px) 100vw, 300px\" \/><h2 class=\"woocommerce-loop-product__title\">Le Boulier Japonais: Guide Pratique<\/h2>\n\t<span class=\"price\"><span class=\"woocommerce-Price-amount amount\"><bdi>21.95<span class=\"woocommerce-Price-currencySymbol\">&euro;<\/span><\/bdi><\/span><\/span>\n<\/a><a href=\"https:\/\/www.amazon.fr\/Boulier-Japonais-Guide-Pratique\/dp\/B088LH28PF\/ref=sr_1_2?__mk_fr_FR=\u00c5M\u00c5\u017d\u00d5\u00d1&#038;crid=5MJMNC1WFM5X&#038;keywords=boulier+japonais&#038;qid=1673109527&#038;s=books&#038;sprefix=boulier+japonais%2Cstripbooks%2C167&#038;sr=1-2\" data-quantity=\"1\" class=\"button product_type_external\" data-product_id=\"161\" data-product_sku=\"B088LH28PF\" aria-label=\"Acheter &ldquo;Le Boulier Japonais: Guide Pratique&rdquo;\" aria-describedby=\"\" rel=\"nofollow\">Acheter le produit<\/a><\/li>\n<li class=\"product type-product post-164 status-publish instock product_cat-livre product_tag-livre-jeu-dechecs has-post-thumbnail shipping-taxable product-type-external\">\n\t<a href=\"https:\/\/mathello.com\/?product=le-jeu-dechecs\" class=\"woocommerce-LoopProduct-link woocommerce-loop-product__link\"><img loading=\"lazy\" decoding=\"async\" width=\"300\" height=\"300\" src=\"https:\/\/mathello.com\/wp-content\/uploads\/2023\/01\/Screenshot-2023-01-07-at-19.46.15-300x300.png\" class=\"attachment-woocommerce_thumbnail size-woocommerce_thumbnail\" alt=\"\" srcset=\"https:\/\/mathello.com\/wp-content\/uploads\/2023\/01\/Screenshot-2023-01-07-at-19.46.15-300x300.png 300w, https:\/\/mathello.com\/wp-content\/uploads\/2023\/01\/Screenshot-2023-01-07-at-19.46.15-150x150.png 150w\" sizes=\"(max-width: 300px) 100vw, 300px\" \/><h2 class=\"woocommerce-loop-product__title\">Le Jeu D&#8217;\u00e9checs: Guide Pratique<\/h2>\n\t<span class=\"price\"><span class=\"woocommerce-Price-amount amount\"><bdi>21.95<span class=\"woocommerce-Price-currencySymbol\">&euro;<\/span><\/bdi><\/span><\/span>\n<\/a><a href=\"https:\/\/www.amazon.fr\/Jeu-d\u00e9checs-Guide-Pratique\/dp\/B087SJT1KW?ref_=ast_sto_dp\" data-quantity=\"1\" class=\"button product_type_external\" data-product_id=\"164\" data-product_sku=\"B087SJT1KW\" aria-label=\"Acheter &ldquo;Le Jeu D&#039;\u00e9checs: Guide Pratique&rdquo;\" aria-describedby=\"\" rel=\"nofollow\">Acheter le produit<\/a><\/li>\n<\/ul>\n<\/div>[\/vc_column][\/vc_row][vc_row][vc_column][\/vc_column][\/vc_row][vc_row][vc_column]<div class=\"woocommerce columns-4 \"><\/div>[\/vc_column][\/vc_row][vc_row][vc_column][vc_posts_slider count=&#8221;3&#8243; interval=&#8221;3&#8243; slides_content=&#8221;teaser&#8221; slides_title=&#8221;1&#8243; thumb_size=&#8221;full&#8221; posttypes=&#8221;product&#8221; categories=&#8221;Coffret&#8221;][\/vc_column][\/vc_row]<\/p>\n<\/div>","protected":false},"excerpt":{"rendered":"<p>[vc_row][vc_column][vc_column_text]Editions Mathello est un \u00e9diteur d&#8217;ouvrage scientifique, p\u00e9dagogique, parascolaire, \u00e9ducatif, d&#8217;art et de cr\u00e9ation.[\/vc_column_text][\/vc_column][\/vc_row][vc_row][vc_column][\/vc_column][\/vc_row][vc_row][vc_column][\/vc_column][\/vc_row][vc_row][vc_column][\/vc_column][\/vc_row][vc_row][vc_column][\/vc_column][\/vc_row][vc_row][vc_column][vc_posts_slider count=&#8221;3&#8243; interval=&#8221;3&#8243; slides_content=&#8221;teaser&#8221; slides_title=&#8221;1&#8243; thumb_size=&#8221;full&#8221; posttypes=&#8221;product&#8221; categories=&#8221;Coffret&#8221;][\/vc_column][\/vc_row]<\/p>\n","protected":false},"author":1,"featured_media":0,"parent":0,"menu_order":0,"comment_status":"closed","ping_status":"closed","template":"","meta":{"om_disable_all_campaigns":false,"_monsterinsights_skip_tracking":false,"_monsterinsights_sitenote_active":false,"_monsterinsights_sitenote_note":"","_monsterinsights_sitenote_category":0,"_citadela_hide_page_title":"","_citadela_remove_header_space":"","_citadela_custom_class":"","_citadela_half_map_provider":"","_citadela_half_map_theme":"","_citadela_half_map_themeOSM":"","_citadela_half_map_customTheme":"","_citadela_half_map_dataType":"","_citadela_half_map_dynamicTrack":false,"_citadela_half_map_trackColor":"","_citadela_half_map_trackEndpointsColor":"","_citadela_half_map_filterCategory":"","_citadela_half_map_filterLocation":"","_citadela_half_map_filterFeatured":false,"_citadela_half_map_noDataBehavior":"empty-map","_citadela_half_map_noDataText":"","_citadela_half_map_clusterGridSize":80,"_citadela_header":false,"_citadela_header_over_content":false,"_citadela_header_text_color":"","_citadela_header_logo":[],"_citadela_header_bg_image":[],"_citadela_header_bg_position":[],"_citadela_header_bg_size":"","_citadela_header_bg_repeat":"","_citadela_header_bg_fixed":false,"_citadela_header_bg_color":"","_citadela_header_bg_image_overlay":"","_citadela_header_transparent_bg":false,"_citadela_content_width":"","_citadela_half_layout_position":"","footnotes":""},"class_list":["post-106","page","type-page","status-publish","hentry"],"aioseo_notices":[],"_links":{"self":[{"href":"https:\/\/mathello.com\/index.php?rest_route=\/wp\/v2\/pages\/106"}],"collection":[{"href":"https:\/\/mathello.com\/index.php?rest_route=\/wp\/v2\/pages"}],"about":[{"href":"https:\/\/mathello.com\/index.php?rest_route=\/wp\/v2\/types\/page"}],"author":[{"embeddable":true,"href":"https:\/\/mathello.com\/index.php?rest_route=\/wp\/v2\/users\/1"}],"replies":[{"embeddable":true,"href":"https:\/\/mathello.com\/index.php?rest_route=%2Fwp%2Fv2%2Fcomments&post=106"}],"version-history":[{"count":11,"href":"https:\/\/mathello.com\/index.php?rest_route=\/wp\/v2\/pages\/106\/revisions"}],"predecessor-version":[{"id":179,"href":"https:\/\/mathello.com\/index.php?rest_route=\/wp\/v2\/pages\/106\/revisions\/179"}],"wp:attachment":[{"href":"https:\/\/mathello.com\/index.php?rest_route=%2Fwp%2Fv2%2Fmedia&parent=106"}],"curies":[{"name":"wp","href":"https:\/\/api.w.org\/{rel}","templated":true}]}}